{"id":556,"date":"2020-05-28T20:29:58","date_gmt":"2020-05-28T20:29:58","guid":{"rendered":"https:\/\/setsoluciones.es\/?page_id=556"},"modified":"2020-05-30T21:34:35","modified_gmt":"2020-05-30T21:34:35","slug":"eleiaenergia","status":"publish","type":"page","link":"https:\/\/setsoluciones.es\/?page_id=556","title":{"rendered":"ELEIAENERGIA"},"content":{"rendered":"\t\t<div data-elementor-type=\"wp-page\" data-elementor-id=\"556\" class=\"elementor elementor-556\">\n\t\t\t\t\t\t<section class=\"elementor-section elementor-top-section elementor-element elementor-element-52e2a7c7 elementor-section-boxed elementor-section-height-default elementor-section-height-default\" data-id=\"52e2a7c7\" data-element_type=\"section\" data-settings=\"{&quot;background_background&quot;:&quot;classic&quot;,&quot;shape_divider_bottom&quot;:&quot;curve&quot;,&quot;shape_divider_bottom_negative&quot;:&quot;yes&quot;}\">\n\t\t\t\t\t\t\t<div class=\"elementor-background-overlay\"><\/div>\n\t\t\t\t\t\t<div class=\"elementor-shape elementor-shape-bottom\" aria-hidden=\"true\" data-negative=\"true\">\n\t\t\t<svg xmlns=\"http:\/\/www.w3.org\/2000\/svg\" viewBox=\"0 0 1000 100\" preserveAspectRatio=\"none\">\n\t<path class=\"elementor-shape-fill\" d=\"M500,97C126.7,96.3,0.8,19.8,0,0v100l1000,0V1C1000,19.4,873.3,97.8,500,97z\"\/>\n<\/svg>\t\t<\/div>\n\t\t\t\t\t<div class=\"elementor-container elementor-column-gap-default\">\n\t\t\t\t\t<div class=\"elementor-column elementor-col-100 elementor-top-column elementor-element elementor-element-4b0e27ca\" data-id=\"4b0e27ca\" data-element_type=\"column\">\n\t\t\t<div class=\"elementor-widget-wrap elementor-element-populated\">\n\t\t\t\t\t\t<div class=\"elementor-element elementor-element-1fee5c4 elementor-widget elementor-widget-text-editor\" data-id=\"1fee5c4\" data-element_type=\"widget\" data-widget_type=\"text-editor.default\">\n\t\t\t\t<div class=\"elementor-widget-container\">\n\t\t\t\t\t\t\t\t\t<p><span style=\"color: #ffffff;\">SetSoluciones te trae a&#8230;<\/span><\/p>\t\t\t\t\t\t\t\t<\/div>\n\t\t\t\t<\/div>\n\t\t\t\t<div class=\"elementor-element elementor-element-1d0fa84a elementor-widget elementor-widget-heading\" data-id=\"1d0fa84a\" data-element_type=\"widget\" data-widget_type=\"heading.default\">\n\t\t\t\t<div class=\"elementor-widget-container\">\n\t\t\t\t\t<h2 class=\"elementor-heading-title elementor-size-default\">ELEIA ENERG\u00cdA<\/h2>\t\t\t\t<\/div>\n\t\t\t\t<\/div>\n\t\t\t\t<div class=\"elementor-element elementor-element-46528ec elementor-widget elementor-widget-heading\" data-id=\"46528ec\" data-element_type=\"widget\" data-widget_type=\"heading.default\">\n\t\t\t\t<div class=\"elementor-widget-container\">\n\t\t\t\t\t<h2 class=\"elementor-heading-title elementor-size-default\">ELEIA es la filial de ACS Industria que nace para aportar valor al mercado en nuevos modelos de la comercializaci\u00f3n y gesti\u00f3n energ\u00e9tica nacional e internacional, con m\u00e1s de 70 a\u00f1os de experiencia en distintos aspectos de la promoci\u00f3n, construcci\u00f3n y operaci\u00f3n de Plantas Energ\u00e9ticas e Industriales<\/h2>\t\t\t\t<\/div>\n\t\t\t\t<\/div>\n\t\t\t\t<div class=\"elementor-element elementor-element-89abcd0 elementor-widget elementor-widget-spacer\" data-id=\"89abcd0\" data-element_type=\"widget\" data-widget_type=\"spacer.default\">\n\t\t\t\t<div class=\"elementor-widget-container\">\n\t\t\t\t\t\t\t<div class=\"elementor-spacer\">\n\t\t\t<div class=\"elementor-spacer-inner\"><\/div>\n\t\t<\/div>\n\t\t\t\t\t\t<\/div>\n\t\t\t\t<\/div>\n\t\t\t\t<div class=\"elementor-element elementor-element-e995883 elementor-widget elementor-widget-heading\" data-id=\"e995883\" data-element_type=\"widget\" data-widget_type=\"heading.default\">\n\t\t\t\t<div class=\"elementor-widget-container\">\n\t\t\t\t\t<h2 class=\"elementor-heading-title elementor-size-default\">C\u00d3MO FUNCIONAMOS<\/h2>\t\t\t\t<\/div>\n\t\t\t\t<\/div>\n\t\t\t\t<div class=\"elementor-element elementor-element-f3d1d7f elementor-widget elementor-widget-heading\" data-id=\"f3d1d7f\" data-element_type=\"widget\" data-widget_type=\"heading.default\">\n\t\t\t\t<div class=\"elementor-widget-container\">\n\t\t\t\t\t<h2 class=\"elementor-heading-title elementor-size-default\">Las centrales el\u00e9ctricas producen la energ\u00eda necesaria por medio de diferentes tecnolog\u00edas e inyectan la misma a las redes de transporte y distribuci\u00f3n. En alta tensi\u00f3n transportan la energ\u00eda producida en las centrales hasta los n\u00facleos de consumo y de ah\u00ed es distribuida a los consumidores finales interconectando sus instalaciones con la red del sistema el\u00e9ctrico.<\/h2>\t\t\t\t<\/div>\n\t\t\t\t<\/div>\n\t\t\t\t\t<\/div>\n\t\t<\/div>\n\t\t\t\t\t<\/div>\n\t\t<\/section>\n\t\t\t\t<section class=\"elementor-section elementor-top-section elementor-element elementor-element-b1f370e elementor-section-boxed elementor-section-height-default elementor-section-height-default\" data-id=\"b1f370e\" data-element_type=\"section\">\n\t\t\t\t\t\t<div class=\"elementor-container elementor-column-gap-default\">\n\t\t\t\t\t<div class=\"elementor-column elementor-col-50 elementor-top-column elementor-element elementor-element-6924928\" data-id=\"6924928\" data-element_type=\"column\">\n\t\t\t<div class=\"elementor-widget-wrap elementor-element-populated\">\n\t\t\t\t\t\t<div class=\"elementor-element elementor-element-d233777 elementor-widget elementor-widget-heading\" data-id=\"d233777\" data-element_type=\"widget\" data-widget_type=\"heading.default\">\n\t\t\t\t<div class=\"elementor-widget-container\">\n\t\t\t\t\t<h2 class=\"elementor-heading-title elementor-size-default\">GENERACI\u00d3N<\/h2>\t\t\t\t<\/div>\n\t\t\t\t<\/div>\n\t\t\t\t<div class=\"elementor-element elementor-element-9af4634 elementor-widget elementor-widget-text-editor\" data-id=\"9af4634\" data-element_type=\"widget\" data-widget_type=\"text-editor.default\">\n\t\t\t\t<div class=\"elementor-widget-container\">\n\t\t\t\t\t\t\t\t\t<p><span>ELEIA actuar\u00e1 como\u00a0<\/span><strong>agente representante<\/strong><span>\u00a0siendo el interlocutor entre los productores de energ\u00eda y el resto de agentes del mercado el\u00e9ctrico y organismo competentes, entre ellos: Operador de mercado (OMIE), Operador del Sistema (REE) y Comisi\u00f3n Nacional de Mercados y la Competencia (CNMC)<\/span><\/p>\t\t\t\t\t\t\t\t<\/div>\n\t\t\t\t<\/div>\n\t\t\t\t\t<\/div>\n\t\t<\/div>\n\t\t\t\t<div class=\"elementor-column elementor-col-50 elementor-top-column elementor-element elementor-element-5657231\" data-id=\"5657231\" data-element_type=\"column\">\n\t\t\t<div class=\"elementor-widget-wrap elementor-element-populated\">\n\t\t\t\t\t\t<div class=\"elementor-element elementor-element-c3e23bc elementor-widget elementor-widget-heading\" data-id=\"c3e23bc\" data-element_type=\"widget\" data-widget_type=\"heading.default\">\n\t\t\t\t<div class=\"elementor-widget-container\">\n\t\t\t\t\t<h2 class=\"elementor-heading-title elementor-size-default\">AUTOCONSUMO<\/h2>\t\t\t\t<\/div>\n\t\t\t\t<\/div>\n\t\t\t\t<div class=\"elementor-element elementor-element-f5f9427 elementor-widget elementor-widget-text-editor\" data-id=\"f5f9427\" data-element_type=\"widget\" data-widget_type=\"text-editor.default\">\n\t\t\t\t<div class=\"elementor-widget-container\">\n\t\t\t\t\t\t\t\t\t<p><span>El autoconsumo a trav\u00e9s de la instalaci\u00f3n de placas solares facilita la introducci\u00f3n de la energ\u00eda solar en el consumo dom\u00e9stico permitiendo al ciudadano de a pie producir electricidad de una forma independiente, sostenible y econ\u00f3mica.<\/span><\/p>\t\t\t\t\t\t\t\t<\/div>\n\t\t\t\t<\/div>\n\t\t\t\t\t<\/div>\n\t\t<\/div>\n\t\t\t\t\t<\/div>\n\t\t<\/section>\n\t\t\t\t<section class=\"elementor-section elementor-top-section elementor-element elementor-element-25fd59f8 elementor-section-stretched elementor-section-full_width elementor-section-height-default elementor-section-height-default\" data-id=\"25fd59f8\" data-element_type=\"section\" data-settings=\"{&quot;stretch_section&quot;:&quot;section-stretched&quot;}\">\n\t\t\t\t\t\t<div class=\"elementor-container elementor-column-gap-no\">\n\t\t\t\t\t<div class=\"elementor-column elementor-col-100 elementor-top-column elementor-element elementor-element-25763791\" data-id=\"25763791\" data-element_type=\"column\">\n\t\t\t<div class=\"elementor-widget-wrap elementor-element-populated\">\n\t\t\t\t\t\t<div class=\"elementor-element elementor-element-78b79f54 elementor-widget elementor-widget-premium-addon-video-box\" data-id=\"78b79f54\" data-element_type=\"widget\" data-settings=\"{&quot;aspect_ratio&quot;:&quot;219&quot;,&quot;premium_video_box_video_type&quot;:&quot;youtube&quot;}\" data-widget_type=\"premium-addon-video-box.default\">\n\t\t\t\t<div class=\"elementor-widget-container\">\n\t\t\t\t\t\r\n\r\n\t\t\r\n\t\t\t\t\t<div id=\"premium-video-box-container-78b79f54\" class=\"premium-video-box-container\" data-overlay=\"true\" data-type=\"youtube\" data-thumbnail=\"\" data-hover=\"none\">\r\n\t\t\t\t<div  >\r\n\t\t\t\t\t\r\n\t\t\t\t\t<div class=\"premium-video-box-inner-wrap\" data-video-animation=\" animated-\" data-delay-animation=\"\">\r\n\t\t\t\t\t\t<div data-src=\"https:\/\/www.youtube.com\/embed\/A5F7bKnfDao?feature=oembed&amp;rel=0&amp;mute=0&amp;loop=0&amp;controls=1&amp;playsinline=0&amp;cc_load_policy=0\" class=\"premium-video-box-video-container\">\r\n\t\t\t\t\t\t\t\r\n\t\t\t\t\t\t\t\t\t\t\t\t\t<\/div>\r\n\t\t\t\t\t\t\t<div style=\"background-image:transparent\" class=\"premium-video-box-image-container none\"><\/div>\r\n\t\t\t\t\t\t\t\t\t\t\t\t\t\t\t\t\t\t\t\t\t\t\t\t\t\t\t\t\t\t\t\t\t<div class=\"premium-video-box-description-container\">\r\n\t\t\t\t\t\t\t\t<p class=\"premium-video-box-text\">\r\n\t\t\t\t\t\t\t\t\t<span >\r\n\t\t\t\t\t\t\t\t\t\tLos mejores precios de energ\u00eda\t\t\t\t\t\t\t\t\t<\/span>\r\n\t\t\t\t\t\t\t\t<\/p>\r\n\t\t\t\t\t\t\t<\/div>\r\n\t\t\t\t\t\t\t\t\t\t\t<\/div>\r\n\r\n\t\t\t\t<\/div>\r\n\t\t\t<\/div>\r\n\t\t\r\n\t\t\t\t\t\t<\/div>\n\t\t\t\t<\/div>\n\t\t\t\t\t<\/div>\n\t\t<\/div>\n\t\t\t\t\t<\/div>\n\t\t<\/section>\n\t\t\t\t<section class=\"elementor-section elementor-top-section elementor-element elementor-element-4319b322 elementor-section-stretched elementor-section-boxed elementor-section-height-default elementor-section-height-default\" data-id=\"4319b322\" data-element_type=\"section\" data-settings=\"{&quot;stretch_section&quot;:&quot;section-stretched&quot;,&quot;background_background&quot;:&quot;classic&quot;}\">\n\t\t\t\t\t\t<div class=\"elementor-container elementor-column-gap-default\">\n\t\t\t\t\t<div class=\"elementor-column elementor-col-100 elementor-top-column elementor-element elementor-element-d39e1e0\" data-id=\"d39e1e0\" data-element_type=\"column\">\n\t\t\t<div class=\"elementor-widget-wrap elementor-element-populated\">\n\t\t\t\t\t\t<div class=\"elementor-element elementor-element-45a51924 elementor-widget elementor-widget-heading\" data-id=\"45a51924\" data-element_type=\"widget\" data-widget_type=\"heading.default\">\n\t\t\t\t<div class=\"elementor-widget-container\">\n\t\t\t\t\t<h4 class=\"elementor-heading-title elementor-size-default\">PaRA M\u00c1S INFORMACI\u00d3N, PONTE EN CONTACTO CON NOSOTROS<\/h4>\t\t\t\t<\/div>\n\t\t\t\t<\/div>\n\t\t\t\t<div class=\"elementor-element elementor-element-36dde3fc elementor-widget elementor-widget-heading\" data-id=\"36dde3fc\" data-element_type=\"widget\" data-widget_type=\"heading.default\">\n\t\t\t\t<div class=\"elementor-widget-container\">\n\t\t\t\t\t<h2 class=\"elementor-heading-title elementor-size-default\">SetSoluciones<\/h2>\t\t\t\t<\/div>\n\t\t\t\t<\/div>\n\t\t\t\t<div class=\"elementor-element elementor-element-2668856 elementor-widget-divider--view-line elementor-widget elementor-widget-divider\" data-id=\"2668856\" data-element_type=\"widget\" data-widget_type=\"divider.default\">\n\t\t\t\t<div class=\"elementor-widget-container\">\n\t\t\t\t\t\t\t<div class=\"elementor-divider\">\n\t\t\t<span class=\"elementor-divider-separator\">\n\t\t\t\t\t\t<\/span>\n\t\t<\/div>\n\t\t\t\t\t\t<\/div>\n\t\t\t\t<\/div>\n\t\t\t\t<section class=\"elementor-section elementor-inner-section elementor-element elementor-element-63ae56b5 elementor-section-boxed elementor-section-height-default elementor-section-height-default\" data-id=\"63ae56b5\" data-element_type=\"section\">\n\t\t\t\t\t\t<div class=\"elementor-container elementor-column-gap-default\">\n\t\t\t\t\t<div class=\"elementor-column elementor-col-100 elementor-inner-column elementor-element elementor-element-19144af8\" data-id=\"19144af8\" data-element_type=\"column\">\n\t\t\t<div class=\"elementor-widget-wrap elementor-element-populated\">\n\t\t\t\t\t\t<div class=\"elementor-element elementor-element-7e9a14c6 premium-cf7-button-fwidth-yes elementor-widget elementor-widget-premium-contact-form\" data-id=\"7e9a14c6\" data-element_type=\"widget\" data-widget_type=\"premium-contact-form.default\">\n\t\t\t\t<div class=\"elementor-widget-container\">\n\t\t\t\t\t\r\n\t\t\t\r\n\t\t\t<div class=\"premium-cf7-container\" data-settings=\"{&quot;fields_glass&quot;:&quot;none&quot;,&quot;submit_glass&quot;:&quot;none&quot;}\">\r\n\t\t\t\t\n<div class=\"wpcf7 no-js\" id=\"wpcf7-f613-o1\" lang=\"es-ES\" dir=\"ltr\" data-wpcf7-id=\"613\">\n<div class=\"screen-reader-response\"><p role=\"status\" aria-live=\"polite\" aria-atomic=\"true\"><\/p> <ul><\/ul><\/div>\n<form action=\"\/index.php?rest_route=%2Fwp%2Fv2%2Fpages%2F556#wpcf7-f613-o1\" method=\"post\" class=\"wpcf7-form init\" aria-label=\"Formulario de contacto\" novalidate=\"novalidate\" data-status=\"init\">\n<fieldset class=\"hidden-fields-container\"><input type=\"hidden\" name=\"_wpcf7\" value=\"613\" \/><input type=\"hidden\" name=\"_wpcf7_version\" value=\"6.1.3\" \/><input type=\"hidden\" name=\"_wpcf7_locale\" value=\"es_ES\" \/><input type=\"hidden\" name=\"_wpcf7_unit_tag\" value=\"wpcf7-f613-o1\" \/><input type=\"hidden\" name=\"_wpcf7_container_post\" value=\"0\" \/><input type=\"hidden\" name=\"_wpcf7_posted_data_hash\" value=\"\" \/>\n<\/fieldset>\n<p><label> Tu nombre (obligatorio)<br \/>\n<span class=\"wpcf7-form-control-wrap\" data-name=\"your-name\"><input size=\"40\" maxlength=\"400\" class=\"wpcf7-form-control wpcf7-text wpcf7-validates-as-required\" aria-required=\"true\" aria-invalid=\"false\" value=\"\" type=\"text\" name=\"your-name\" \/><\/span> <\/label>\n<\/p>\n<p><label> Tu correo electr\u00f3nico (obligatorio)<br \/>\n<span class=\"wpcf7-form-control-wrap\" data-name=\"your-email\"><input size=\"40\" maxlength=\"400\" class=\"wpcf7-form-control wpcf7-email wpcf7-validates-as-required wpcf7-text wpcf7-validates-as-email\" aria-required=\"true\" aria-invalid=\"false\" value=\"\" type=\"email\" name=\"your-email\" \/><\/span> <\/label>\n<\/p>\n<p><label> Asunto<br \/>\n<span class=\"wpcf7-form-control-wrap\" data-name=\"your-subject\"><input size=\"40\" maxlength=\"400\" class=\"wpcf7-form-control wpcf7-text\" aria-invalid=\"false\" value=\"\" type=\"text\" name=\"your-subject\" \/><\/span> <\/label>\n<\/p>\n<p><label> Tu mensaje<br \/>\n<span class=\"wpcf7-form-control-wrap\" data-name=\"your-message\"><textarea cols=\"40\" rows=\"10\" maxlength=\"2000\" class=\"wpcf7-form-control wpcf7-textarea\" aria-invalid=\"false\" name=\"your-message\"><\/textarea><\/span> <\/label>\n<\/p>\n<p><input class=\"wpcf7-form-control wpcf7-submit has-spinner\" type=\"submit\" value=\"Enviar\" \/>\n<\/p><div class=\"wpcf7-response-output\" aria-hidden=\"true\"><\/div>\n<\/form>\n<\/div>\n\t\t\t<\/div>\r\n\r\n\t\t\t\t\t\t\t<\/div>\n\t\t\t\t<\/div>\n\t\t\t\t\t<\/div>\n\t\t<\/div>\n\t\t\t\t\t<\/div>\n\t\t<\/section>\n\t\t\t\t\t<\/div>\n\t\t<\/div>\n\t\t\t\t\t<\/div>\n\t\t<\/section>\n\t\t\t\t<\/div>\n\t\t","protected":false},"excerpt":{"rendered":"<p>SetSoluciones te trae a&#8230; ELEIA ENERG\u00cdA ELEIA es la filial de ACS Industria que nace para aportar valor al mercado en nuevos modelos de la comercializaci\u00f3n y gesti\u00f3n energ\u00e9tica nacional e internacional, con m\u00e1s de 70 a\u00f1os de experiencia en distintos aspectos de la promoci\u00f3n, construcci\u00f3n y operaci\u00f3n de Plantas Energ\u00e9ticas e Industriales C\u00d3MO FUNCIONAMOS [&hellip;]<\/p>\n","protected":false},"author":1,"featured_media":0,"parent":0,"menu_order":2,"comment_status":"closed","ping_status":"closed","template":"","meta":{"site-sidebar-layout":"no-sidebar","site-content-layout":"page-builder","ast-site-content-layout":"default","site-content-style":"default","site-sidebar-style":"default","ast-global-header-display":"","ast-banner-title-visibility":"","ast-main-header-display":"","ast-hfb-above-header-display":"","ast-hfb-below-header-display":"","ast-hfb-mobile-header-display":"","site-post-title":"disabled","ast-breadcrumbs-content":"","ast-featured-img":"disabled","footer-sml-layout":"","theme-transparent-header-meta":"default","adv-header-id-meta":"","stick-header-meta":"","header-above-stick-meta":"","header-main-stick-meta":"","header-below-stick-meta":"","astra-migrate-meta-layouts":"default","ast-page-background-enabled":"default","ast-page-background-meta":{"desktop":{"background-color":"","background-image":"","background-repeat":"repeat","background-position":"center center","background-size":"auto","background-attachment":"scroll","background-type":"","background-media":"","overlay-type":"","overlay-color":"","overlay-opacity":"","overlay-gradient":""},"tablet":{"background-color":"","background-image":"","background-repeat":"repeat","background-position":"center center","background-size":"auto","background-attachment":"scroll","background-type":"","background-media":"","overlay-type":"","overlay-color":"","overlay-opacity":"","overlay-gradient":""},"mobile":{"background-color":"","background-image":"","background-repeat":"repeat","background-position":"center center","background-size":"auto","background-attachment":"scroll","background-type":"","background-media":"","overlay-type":"","overlay-color":"","overlay-opacity":"","overlay-gradient":""}},"ast-content-background-meta":{"desktop":{"background-color":"var(--ast-global-color-5)","background-image":"","background-repeat":"repeat","background-position":"center center","background-size":"auto","background-attachment":"scroll","background-type":"","background-media":"","overlay-type":"","overlay-color":"","overlay-opacity":"","overlay-gradient":""},"tablet":{"background-color":"var(--ast-global-color-5)","background-image":"","background-repeat":"repeat","background-position":"center center","background-size":"auto","background-attachment":"scroll","background-type":"","background-media":"","overlay-type":"","overlay-color":"","overlay-opacity":"","overlay-gradient":""},"mobile":{"background-color":"var(--ast-global-color-5)","background-image":"","background-repeat":"repeat","background-position":"center center","background-size":"auto","background-attachment":"scroll","background-type":"","background-media":"","overlay-type":"","overlay-color":"","overlay-opacity":"","overlay-gradient":""}},"footnotes":""},"class_list":["post-556","page","type-page","status-publish","hentry"],"yoast_head":"<!-- This site is optimized with the Yoast SEO plugin v26.4 - https:\/\/yoast.com\/wordpress\/plugins\/seo\/ -->\n<title>ELEIAENERGIA - Set Soluciones<\/title>\n<meta name=\"robots\" content=\"index, follow, max-snippet:-1, max-image-preview:large, max-video-preview:-1\" \/>\n<link rel=\"canonical\" href=\"https:\/\/setsoluciones.es\/?page_id=556\" \/>\n<meta property=\"og:locale\" content=\"es_ES\" \/>\n<meta property=\"og:type\" content=\"article\" \/>\n<meta property=\"og:title\" content=\"ELEIAENERGIA - Set Soluciones\" \/>\n<meta property=\"og:description\" content=\"SetSoluciones te trae a&#8230; ELEIA ENERG\u00cdA ELEIA es la filial de ACS Industria que nace para aportar valor al mercado en nuevos modelos de la comercializaci\u00f3n y gesti\u00f3n energ\u00e9tica nacional e internacional, con m\u00e1s de 70 a\u00f1os de experiencia en distintos aspectos de la promoci\u00f3n, construcci\u00f3n y operaci\u00f3n de Plantas Energ\u00e9ticas e Industriales C\u00d3MO FUNCIONAMOS [&hellip;]\" \/>\n<meta property=\"og:url\" content=\"https:\/\/setsoluciones.es\/?page_id=556\" \/>\n<meta property=\"og:site_name\" content=\"Set Soluciones\" \/>\n<meta property=\"article:publisher\" content=\"https:\/\/www.facebook.com\/SetSolucionesJaen\" \/>\n<meta property=\"article:modified_time\" content=\"2020-05-30T21:34:35+00:00\" \/>\n<meta name=\"twitter:label1\" content=\"Tiempo de lectura\" \/>\n\t<meta name=\"twitter:data1\" content=\"1 minuto\" \/>\n<script type=\"application\/ld+json\" class=\"yoast-schema-graph\">{\"@context\":\"https:\/\/schema.org\",\"@graph\":[{\"@type\":\"WebPage\",\"@id\":\"https:\/\/setsoluciones.es\/?page_id=556\",\"url\":\"https:\/\/setsoluciones.es\/?page_id=556\",\"name\":\"ELEIAENERGIA - Set Soluciones\",\"isPartOf\":{\"@id\":\"https:\/\/setsoluciones.es\/#website\"},\"datePublished\":\"2020-05-28T20:29:58+00:00\",\"dateModified\":\"2020-05-30T21:34:35+00:00\",\"breadcrumb\":{\"@id\":\"https:\/\/setsoluciones.es\/?page_id=556#breadcrumb\"},\"inLanguage\":\"es\",\"potentialAction\":[{\"@type\":\"ReadAction\",\"target\":[\"https:\/\/setsoluciones.es\/?page_id=556\"]}]},{\"@type\":\"BreadcrumbList\",\"@id\":\"https:\/\/setsoluciones.es\/?page_id=556#breadcrumb\",\"itemListElement\":[{\"@type\":\"ListItem\",\"position\":1,\"name\":\"Portada\",\"item\":\"https:\/\/setsoluciones.es\/\"},{\"@type\":\"ListItem\",\"position\":2,\"name\":\"ELEIAENERGIA\"}]},{\"@type\":\"WebSite\",\"@id\":\"https:\/\/setsoluciones.es\/#website\",\"url\":\"https:\/\/setsoluciones.es\/\",\"name\":\"Set Soluciones\",\"description\":\"Digitalizaci&oacute;n Hosteler&iacute;a\",\"publisher\":{\"@id\":\"https:\/\/setsoluciones.es\/#organization\"},\"potentialAction\":[{\"@type\":\"SearchAction\",\"target\":{\"@type\":\"EntryPoint\",\"urlTemplate\":\"https:\/\/setsoluciones.es\/?s={search_term_string}\"},\"query-input\":{\"@type\":\"PropertyValueSpecification\",\"valueRequired\":true,\"valueName\":\"search_term_string\"}}],\"inLanguage\":\"es\"},{\"@type\":\"Organization\",\"@id\":\"https:\/\/setsoluciones.es\/#organization\",\"name\":\"SET SOLUCIONES\",\"url\":\"https:\/\/setsoluciones.es\/\",\"logo\":{\"@type\":\"ImageObject\",\"inLanguage\":\"es\",\"@id\":\"https:\/\/setsoluciones.es\/#\/schema\/logo\/image\/\",\"url\":\"https:\/\/setsoluciones.es\/wp-content\/uploads\/2020\/05\/LOGOTIPO-2020-3-3.png\",\"contentUrl\":\"https:\/\/setsoluciones.es\/wp-content\/uploads\/2020\/05\/LOGOTIPO-2020-3-3.png\",\"width\":433,\"height\":216,\"caption\":\"SET SOLUCIONES\"},\"image\":{\"@id\":\"https:\/\/setsoluciones.es\/#\/schema\/logo\/image\/\"},\"sameAs\":[\"https:\/\/www.facebook.com\/SetSolucionesJaen\",\"https:\/\/www.instagram.com\/setjaen\/\",\"https:\/\/www.youtube.com\/channel\/UCetdzq0tacktdeW6B81A8ew\"]}]}<\/script>\n<!-- \/ Yoast SEO plugin. -->","yoast_head_json":{"title":"ELEIAENERGIA - Set Soluciones","robots":{"index":"index","follow":"follow","max-snippet":"max-snippet:-1","max-image-preview":"max-image-preview:large","max-video-preview":"max-video-preview:-1"},"canonical":"https:\/\/setsoluciones.es\/?page_id=556","og_locale":"es_ES","og_type":"article","og_title":"ELEIAENERGIA - Set Soluciones","og_description":"SetSoluciones te trae a&#8230; ELEIA ENERG\u00cdA ELEIA es la filial de ACS Industria que nace para aportar valor al mercado en nuevos modelos de la comercializaci\u00f3n y gesti\u00f3n energ\u00e9tica nacional e internacional, con m\u00e1s de 70 a\u00f1os de experiencia en distintos aspectos de la promoci\u00f3n, construcci\u00f3n y operaci\u00f3n de Plantas Energ\u00e9ticas e Industriales C\u00d3MO FUNCIONAMOS [&hellip;]","og_url":"https:\/\/setsoluciones.es\/?page_id=556","og_site_name":"Set Soluciones","article_publisher":"https:\/\/www.facebook.com\/SetSolucionesJaen","article_modified_time":"2020-05-30T21:34:35+00:00","twitter_misc":{"Tiempo de lectura":"1 minuto"},"schema":{"@context":"https:\/\/schema.org","@graph":[{"@type":"WebPage","@id":"https:\/\/setsoluciones.es\/?page_id=556","url":"https:\/\/setsoluciones.es\/?page_id=556","name":"ELEIAENERGIA - Set Soluciones","isPartOf":{"@id":"https:\/\/setsoluciones.es\/#website"},"datePublished":"2020-05-28T20:29:58+00:00","dateModified":"2020-05-30T21:34:35+00:00","breadcrumb":{"@id":"https:\/\/setsoluciones.es\/?page_id=556#breadcrumb"},"inLanguage":"es","potentialAction":[{"@type":"ReadAction","target":["https:\/\/setsoluciones.es\/?page_id=556"]}]},{"@type":"BreadcrumbList","@id":"https:\/\/setsoluciones.es\/?page_id=556#breadcrumb","itemListElement":[{"@type":"ListItem","position":1,"name":"Portada","item":"https:\/\/setsoluciones.es\/"},{"@type":"ListItem","position":2,"name":"ELEIAENERGIA"}]},{"@type":"WebSite","@id":"https:\/\/setsoluciones.es\/#website","url":"https:\/\/setsoluciones.es\/","name":"Set Soluciones","description":"Digitalizaci&oacute;n Hosteler&iacute;a","publisher":{"@id":"https:\/\/setsoluciones.es\/#organization"},"potentialAction":[{"@type":"SearchAction","target":{"@type":"EntryPoint","urlTemplate":"https:\/\/setsoluciones.es\/?s={search_term_string}"},"query-input":{"@type":"PropertyValueSpecification","valueRequired":true,"valueName":"search_term_string"}}],"inLanguage":"es"},{"@type":"Organization","@id":"https:\/\/setsoluciones.es\/#organization","name":"SET SOLUCIONES","url":"https:\/\/setsoluciones.es\/","logo":{"@type":"ImageObject","inLanguage":"es","@id":"https:\/\/setsoluciones.es\/#\/schema\/logo\/image\/","url":"https:\/\/setsoluciones.es\/wp-content\/uploads\/2020\/05\/LOGOTIPO-2020-3-3.png","contentUrl":"https:\/\/setsoluciones.es\/wp-content\/uploads\/2020\/05\/LOGOTIPO-2020-3-3.png","width":433,"height":216,"caption":"SET SOLUCIONES"},"image":{"@id":"https:\/\/setsoluciones.es\/#\/schema\/logo\/image\/"},"sameAs":["https:\/\/www.facebook.com\/SetSolucionesJaen","https:\/\/www.instagram.com\/setjaen\/","https:\/\/www.youtube.com\/channel\/UCetdzq0tacktdeW6B81A8ew"]}]}},"_links":{"self":[{"href":"https:\/\/setsoluciones.es\/index.php?rest_route=\/wp\/v2\/pages\/556","targetHints":{"allow":["GET"]}}],"collection":[{"href":"https:\/\/setsoluciones.es\/index.php?rest_route=\/wp\/v2\/pages"}],"about":[{"href":"https:\/\/setsoluciones.es\/index.php?rest_route=\/wp\/v2\/types\/page"}],"author":[{"embeddable":true,"href":"https:\/\/setsoluciones.es\/index.php?rest_route=\/wp\/v2\/users\/1"}],"replies":[{"embeddable":true,"href":"https:\/\/setsoluciones.es\/index.php?rest_route=%2Fwp%2Fv2%2Fcomments&post=556"}],"version-history":[{"count":19,"href":"https:\/\/setsoluciones.es\/index.php?rest_route=\/wp\/v2\/pages\/556\/revisions"}],"predecessor-version":[{"id":614,"href":"https:\/\/setsoluciones.es\/index.php?rest_route=\/wp\/v2\/pages\/556\/revisions\/614"}],"wp:attachment":[{"href":"https:\/\/setsoluciones.es\/index.php?rest_route=%2Fwp%2Fv2%2Fmedia&parent=556"}],"curies":[{"name":"wp","href":"https:\/\/api.w.org\/{rel}","templated":true}]}}